{"id":28041,"date":"2020-12-23T11:14:59","date_gmt":"2020-12-23T09:14:59","guid":{"rendered":"https:\/\/ctvs.eu\/rechtshinweise-und-datenschutz\/"},"modified":"2021-06-21T12:12:11","modified_gmt":"2021-06-21T10:12:11","slug":"rechtshinweise-und-datenschutz","status":"publish","type":"page","link":"https:\/\/ctvs.eu\/de\/rechtshinweise-und-datenschutz\/","title":{"rendered":"Rechtshinweise und Datenschutz"},"content":{"rendered":"<p>[et_pb_section fb_built=&#8220;1&#8243; admin_label=&#8220;section&#8220; _builder_version=&#8220;4.7.7&#8243; _module_preset=&#8220;19f5dbdf-2bee-4d65-aa6c-d33a9241ad8d&#8220;][et_pb_row admin_label=&#8220;row&#8220; _builder_version=&#8220;3.25&#8243; background_size=&#8220;initial&#8220; background_position=&#8220;top_left&#8220; background_repeat=&#8220;repeat&#8220;][et_pb_column type=&#8220;4_4&#8243; _builder_version=&#8220;3.25&#8243; custom_padding=&#8220;|||&#8220; custom_padding__hover=&#8220;|||&#8220;][et_pb_text admin_label=&#8220;Text&#8220; _builder_version=&#8220;4.9.7&#8243; background_size=&#8220;initial&#8220; background_position=&#8220;top_left&#8220; background_repeat=&#8220;repeat&#8220; hover_enabled=&#8220;0&#8243; sticky_enabled=&#8220;0&#8243;]<\/p>\n<p><strong>CTVS Schlosserbetrieb: Rechtshinweise<\/strong><\/p>\n<p><strong>Informationen bei den Herausgeber<\/strong><\/p>\n<p><strong>CHAUDRONNERIE TECHNIQUE VAL DE SAONE &#8211; CTVS, Webseite \u00fcber die Herstellung von Schalungen f\u00fcr Betonfertigteile<\/strong><br \/>CHAUDRONNERIE TREVOLTIENNE TECMO,<br \/>352 ALLEE DE FETAN 01600 TREVOUX<br \/><strong>Tel.: + 33 (0)4 74 00 09 25 : 04 74 00 09 25<\/strong><\/p>\n<p>Sarl (GmbH) mit einem Kapital von 275.000,00 \u20ac<br \/>Handelsregister:<br \/>MwSt-Nr.: FR43507566446<br \/>Direktor der Publikation: Philippe BACHELET.<\/p>\n<p><a href=\"https:\/\/www.archabe.fr\/\">Gestaltung der Webseite und Linksstrategie: ARCHABE<\/a><\/p>\n<p>Der Webseite ctvs.eu wird von folgender Firma gehostet:<br \/>MAGIC ONLINE SA, Gesellschaft mit einem Kapital von 102.840 \u20ac, eingetragen im Handelsregister von Bobigny unter der Nummer 378 499 073 mit Firmensitz in est situ\u00e9 \u00e0 Montreuil sous Bois (93100), 130-134 avenue du Pr\u00e9sident Wilson<\/p>\n<p><strong>1 \u2013 Infos:<\/strong><\/p>\n<p>Die Informationen -inkl. ihr Aussehen und ihre Merkmale-, die auf dieser Internetseite &#8211; ctvs.eu &#8211; <a href=\"https:\/\/ctvs.eu\/de\/\">Schalungen f\u00fcr die Betonfertigteile<\/a> enthalten sind, sind unverbindlich.<br \/>Diese Informationen stellen in keinem Fall eine Behauptung, eine Garantie oder irgendeine Verpflichtung seitens CTVS hinsichtlich eines Produktes oder eines Dienstes dar:<br \/>CTVS lehnt jede Haftung, ausdr\u00fccklich oder stillschweigend, hinsichtlich ihrer Vollst\u00e4ndigkeit, ihrer Richtigkeit oder ihrer Tauglichkeit zu irgendeinem Zweck ab.<br \/>CTVS bem\u00fcht sich, sicherzustellen, da\u1e9e alle durch seine Webseite zug\u00e4nglichen Informationen genau sind. Dennoch garantieren wir in keiner Weise, da\u1e9e diese Informationen vollst\u00e4ndig und auf dem neuesten Stand sind.<br \/>CTVS \u00fcbernimmt keine Gew\u00e4hrleistung, weder ausdr\u00fccklich noch stillschweigend, f\u00fcr die Gesamtheit oder einen Teil seiner Webseite. CTVS kann in keinem Fall f\u00fcr direkte oder indirekte Sch\u00e4den gleich welcher Art, die aus der Nutzung seiner Webseite entstehen, haftbar gemacht werden.<br \/>Weder CTVS, noch sein Web-Host haften f\u00fcr die Einrichtung von Hyperlinks zur anderen Webseiten oder zu anderen im Internetnetzwerk vorhandenen Ressourcen, insbesondere f\u00fcr Inhalte, die auf diesen Seiten angeboten werden.<br \/>CTVS ist nicht verantwortlich f\u00fcr den Inhalt von Websites, die mit der CTVS-Website verlinkt sind.<br \/>CTVS lehnt jegliche Haftung in Bezug auf die Relevanz der zur Verf\u00fcgung gestellten Informationen und auf die Verwendung, die ein Internetnutzer wahrscheinlich davon machen wird, ab.<\/p>\n<p><strong>2 \u2013 \u00c4nderungen:<\/strong><\/p>\n<p>CTVS beh\u00e4lt sich das Recht vor, jederzeit und ohne Vorank\u00fcndigung den Inhalt seiner Webeite zu ver\u00e4ndern oder zu korrigieren, unabh\u00e4ngig von der Art der Inhalte.<\/p>\n<p><strong>3 \u2013 Rechte an geistigem und gewerblichem Eigentum:<\/strong><\/p>\n<p>Die CTVS-Webseite und ihr Copyright sind gesch\u00fctzt.<br \/>Folglich kann jede Verwendung der Produkte einschlie\u00dflich der gesamten oder eines Teils der ctvs.eu-Webseite nur mit schriftlicher Genehmigung erfolgen.<br \/>Nach den Regeln des allgemeinen Rechts k\u00f6nnen MAGIC ONLINE SA oder CTVS ihre Besucher zur Verantwortung ziehen oder ein Rechtsverfahren wegen unlauterem oder parasit\u00e4rem Wettbewerb gegen die Urheber von Verst\u00f6\u00dfen gegen die relevanten Bestimmungen vorgehen.<br \/>Der Nutzer darf keines der Produkte einschlie\u00dflich der gesamten oder eines Teils der ctvs.eu-Website entgeltlich oder unentgeltlich an Dritte weitergeben, auch wenn diese rechtlich von ihm getrennt sind, und zwar weder direkt durch \u00dcbermittlung der Originaldaten noch indirekt in kombinierter Form der genannten Daten.<br \/>Der Internetnutzer darf kein Produkt, einschlie\u00dflich der gesamten oder eines Teils einer CTVS-Website und der darin enthaltenen Daten (einschlie\u00dflich Fotos), ver\u00e4ndern, vervielf\u00e4ltigen oder anpassen. Der Internetnutzer darf keine Daten, die auf der ctvs.eu-Website verf\u00fcgbar sind oder dort gehostet werden, mit irgendwelchen Mitteln kopieren, herunterladen, vermarkten, weiterverkaufen, verteilen, weiter\u00fcbertragen, ver\u00f6ffentlichen, einen automatisierten Download durchf\u00fchren und dies in jeglicher Form.<br \/>Die missbr\u00e4uchliche Aneignung von Senderechten wird durch die im Gesetzbuch f\u00fcr geistiges Eigentum vorgesehenen regulatorischen und legislativen Bestimmungen in Bezug auf das Urheberrecht und die Produzentenrechte sanktioniert.<\/p>\n<p><strong>4 \u2013 F\u00e4lschung:<\/strong><\/p>\n<p>Jegliche Vervielf\u00e4ltigung, Darstellung oder Verwendung, auch auszugsweise, ist ohne die schriftliche Zustimmung von CTVS verboten und rechtswidrig. Die Nichteinhaltung dieses Verbots stellt einen Versto\u00df dar, der die zivil- und strafrechtliche Haftung des Verletzers nach sich ziehen kann.<\/p>\n<p><strong>5 \u2013 Schutz der pers\u00f6nlichen Daten (GRDP-DSGVO)<\/strong><\/p>\n<p>Um den Service von CTVS zu verbessern, um eine kommerzielle Weiterverfolgung zu machen, werden die Informationsformulare dann per Computer verarbeitet. Diese Informationen werden dann nur von CTVS-Mitarbeitern oder Unterauftragnehmern verwaltet, die die vorliegenden Klauseln respektieren.<\/p>\n<p>Gem\u00e4\u00df dem Gesetz &#8222;informatique et libert\u00e9s (Datenschutzgesetz)&#8220; vom 6. Januar 1978, das 2004 ge\u00e4ndert wurde, und der am 25. Mai 2018 in Kraft getretenen allgemeinen Datenschutzverordnung (GRPD-DSGVO) haben Sie ein Recht auf Zugang und Berichtigung der Sie betreffenden Daten, das Sie aus\u00fcben k\u00f6nnen, indem Sie uns einen Brief schicken. Sie k\u00f6nnen auch aus berechtigten Gr\u00fcnden gegen die Verarbeitung Ihrer Daten Widerspruch einlegen. <strong>Unsere Website ctvs.eu bietet Formulare, um Daten von einem Besucher zu sammeln.<\/strong><\/p>\n<p><strong>Relevante Website : ctvs.eu <\/strong><\/p>\n<p><strong>https:\/\/ctvs.eu<\/strong><\/p>\n<p><strong>Zielsetzung<\/strong><\/p>\n<p>Der Zweck der Datenerfassung auf unserer Website ist die Erstellung einer Verwaltungsdatei der Interessenten und Kunden unseres Unternehmens. Unsere Datei wird f\u00fcr alle kaufm\u00e4nnischen Verwaltungsvorg\u00e4nge verwendet.<\/p>\n<p><strong>Relevanz der Daten<\/strong><\/p>\n<p>Die Datei sammelt alle Informationen der Besucher der Website ctvs.eu in Bezug auf die Identit\u00e4t, berufliche Informationen und seine Aktivit\u00e4t auf der Website ctvs.eu. Gem\u00e4\u00df dem franz\u00f6sischen Datenschutzgesetz werden Informationen, die sich auf die rassische oder ethnische Herkunft, politische, philosophische oder religi\u00f6se Meinungen, die Mitgliedschaft in einer Gewerkschaft, die Gesundheit oder das Sexualleben einer Person beziehen, nicht erfasst und sind verboten (sensible Daten).<\/p>\n<p><strong>Rechtm\u00e4\u00dfigkeit der Verarbeitung und Bedingungen f\u00fcr die Einwilligung (Art. 6 und Art. 7 der DSGVO).<\/strong><\/p>\n<p>Es wird immer die Zustimmung eines Besuchers zur Verarbeitung personenbezogener Daten eingeholt.<\/p>\n<p><strong>Datenspeicherung<\/strong><\/p>\n<p>Die Daten von identifizierten Kontakten werden f\u00fcr maximal 3 Jahre nach der letzten Interaktion und Zustimmung des Kontakts aufbewahrt. Nach Ablauf dieser Fristen werden alle die Person betreffenden Daten automatisch gel\u00f6scht.<\/p>\n<p>Kundendaten werden maximal 6 Jahre nach Interaktion und Zustimmung des Kontakts aufbewahrt. Nach Ablauf dieser Fristen werden alle die Person betreffenden Daten automatisch gel\u00f6scht.<\/p>\n<p><strong>Rechte des Einzelnen (Art. 15 bis 20 der DSGVO)<\/strong><\/p>\n<p>Gem\u00e4\u00df Artikel 15 bis 20 der DSGVO kann jede Person ihr Recht auf Zugang, Berichtigung, Widerspruch, Einschr\u00e4nkung der Verarbeitung, L\u00f6schung und \u00dcbertragbarkeit der sie betreffenden Daten aus\u00fcben, indem sie einen unterzeichneten und von einer Kopie eines Ausweises begleiteten Antrag per Post an die Adresse des Hauptsitzes der CTVS sendet.<\/p>\n<p><strong>Datensicherheit und -verarbeitung (Art.32 der DSGVO)<\/strong><\/p>\n<p>Nur Personen, die mit den technischen, Marketing- und Verkaufsabteilungen von CTVS verbunden sind, haben Zugang zu den auf der Website gesammelten Informationen.<\/p>\n<p><strong>Datenverletzung und Mitteilung innerhalb von 72 Stunden (Art.33 und Art.34 der DSGVO)<\/strong><\/p>\n<p>Im Falle eines Versto\u00dfes oder eines Verdachts auf einen Versto\u00df gegen personenbezogene Daten werden CTVS und ihre Subunternehmer die CNIL (nationale Datenschutzkommission) innerhalb von 72 Stunden nach Bekanntwerden des Versto\u00dfes informieren.<\/p>\n<p>&nbsp;<\/p>\n<p>[\/et_pb_text][\/et_pb_column][\/et_pb_row][\/et_pb_section]<\/p>\n","protected":false},"excerpt":{"rendered":"<p>CTVS Schlosserbetrieb: Rechtshinweise Informationen bei den Herausgeber CHAUDRONNERIE TECHNIQUE VAL DE SAONE &#8211; CTVS, Webseite \u00fcber die Herstellung von Schalungen f\u00fcr BetonfertigteileCHAUDRONNERIE TREVOLTIENNE TECMO,352 ALLEE DE FETAN 01600 TREVOUXTel.: + 33 (0)4 74 00 09 25 : 04 74 00 09 25 Sarl (GmbH) mit einem Kapital von 275.000,00 \u20acHandelsregister:MwSt-Nr.: FR43507566446Direktor der Publikation: Philippe BACHELET. [&hellip;]<\/p>\n","protected":false},"author":2,"featured_media":0,"parent":0,"menu_order":0,"comment_status":"closed","ping_status":"closed","template":"","meta":{"_et_pb_use_builder":"on","_et_pb_old_content":"","_et_gb_content_width":"","footnotes":""},"class_list":["post-28041","page","type-page","status-publish","hentry"],"_links":{"self":[{"href":"https:\/\/ctvs.eu\/de\/wp-json\/wp\/v2\/pages\/28041","targetHints":{"allow":["GET"]}}],"collection":[{"href":"https:\/\/ctvs.eu\/de\/wp-json\/wp\/v2\/pages"}],"about":[{"href":"https:\/\/ctvs.eu\/de\/wp-json\/wp\/v2\/types\/page"}],"author":[{"embeddable":true,"href":"https:\/\/ctvs.eu\/de\/wp-json\/wp\/v2\/users\/2"}],"replies":[{"embeddable":true,"href":"https:\/\/ctvs.eu\/de\/wp-json\/wp\/v2\/comments?post=28041"}],"version-history":[{"count":8,"href":"https:\/\/ctvs.eu\/de\/wp-json\/wp\/v2\/pages\/28041\/revisions"}],"predecessor-version":[{"id":28049,"href":"https:\/\/ctvs.eu\/de\/wp-json\/wp\/v2\/pages\/28041\/revisions\/28049"}],"wp:attachment":[{"href":"https:\/\/ctvs.eu\/de\/wp-json\/wp\/v2\/media?parent=28041"}],"curies":[{"name":"wp","href":"https:\/\/api.w.org\/{rel}","templated":true}]}}