{"id":29857,"date":"2020-12-23T11:14:59","date_gmt":"2020-12-23T09:14:59","guid":{"rendered":"https:\/\/ctvs.eu\/informacje-prawne-i-rodo\/"},"modified":"2026-02-10T20:18:23","modified_gmt":"2026-02-10T18:18:23","slug":"informacje-prawne-i-rodo","status":"publish","type":"page","link":"https:\/\/ctvs.eu\/pl\/informacje-prawne-i-rodo\/","title":{"rendered":"Informacje prawne i RODO"},"content":{"rendered":"<p>[et_pb_section fb_built=&#8221;1&#8243; admin_label=&#8221;section&#8221; _builder_version=&#8221;4.16&#8243; _module_preset=&#8221;19f5dbdf-2bee-4d65-aa6c-d33a9241ad8d&#8221; global_colors_info=&#8221;{}&#8221;][et_pb_row admin_label=&#8221;wiersz&#8221; _builder_version=&#8221;4.16&#8243; background_size=&#8221;initial&#8221; background_position=&#8221;top_left&#8221; background_repeat=&#8221;repeat&#8221; global_colors_info=&#8221;{}&#8221;][et_pb_column type=&#8221;4_4&#8243; _builder_version=&#8221;4.16&#8243; custom_padding=&#8221;|||&#8221; global_colors_info=&#8221;{}&#8221; custom_padding__hover=&#8221;|||&#8221;][et_pb_text admin_label=&#8221;Text&#8221; _builder_version=&#8221;4.17.4&#8243; background_size=&#8221;initial&#8221; background_position=&#8221;top_left&#8221; background_repeat=&#8221;repeat&#8221; hover_enabled=&#8221;0&#8243; global_colors_info=&#8221;{}&#8221; sticky_enabled=&#8221;0&#8243;]<\/p>\n<p><strong>CTVS producent form do prefabrykacji: Informacje prawne<\/strong><\/p>\n<p><strong>Informacje o wydawcy<\/strong><\/p>\n<p><strong>CHAUDRONNERIE TECHNIQUE VAL DE SAONE &#8211; CTVS, strona prezentuj\u0105ca nasz\u0105 dzia\u0142alno\u015b\u0107 w zakresie form do prefabrykacji betonu<\/strong><br \/>CHAUDRONNERIE TREVOLTIENNE TECMO,<br \/>352 ALL DE FETAN 01600 TREVOUX<br \/><strong>Tel. : 04 74 00 09 25<\/strong><\/p>\n<p>SARL o kapitale 275 000,00 \u20ac<br \/>RCS:<br \/>VAT: FR43507566446<br \/>Dyrektor publikacji: Philippe BACHELET.<\/p>\n<p><a href=\"https:\/\/www.archabe.fr\/\">Tworzenie strony internetowej i pozycjonowanie: ARCHABE<\/a><\/p>\n<p>Strona ctvs.eu jest hostowana przez firm\u0119:<br \/>MAGIC ONLINE SA, sp\u00f3\u0142ka o kapitale 102.840 \u20ac zarejestrowana pod numerem 378 499 073 RCS Bobigny z siedzib\u0105 w Montreuil sous Bois (93100), 130-134 avenue du Pr\u00e9sident Wilson<\/p>\n<p><strong>1 \u2013 Informacje:<\/strong><\/p>\n<p>Informacje publikowane, w tym ich wygl\u0105d i charakterystyka, na stronie internetowej \u2013 ctvs.eu \u2013 <a href=\"https:\/\/ctvs.eu\/pl\/\">Formy do prefabrykacji betonu<\/a> \u2013 maj\u0105 charakter niewi\u0105\u017c\u0105cy.<br \/>Te informacje nie stanowi\u0105 w \u017cadnym przypadku zapewnienia, gwarancji ani jakiegokolwiek zobowi\u0105zania ze strony CTVS w odniesieniu do jakiegokolwiek produktu lub us\u0142ugi:<br \/>CTVS zrzeka si\u0119 wszelkiej odpowiedzialno\u015bci, wyra\u017anej lub dorozumianej, co do ich kompletno\u015bci, dok\u0142adno\u015bci lub przydatno\u015bci do jakiegokolwiek celu.<br \/>CTVS do\u0142o\u017cy\u0142a wszelkich stara\u0144, aby upewni\u0107 si\u0119, \u017ce informacje dost\u0119pne za po\u015brednictwem jej strony internetowej s\u0105 dok\u0142adne. Jednak w \u017caden spos\u00f3b nie gwarantujemy, \u017ce te informacje s\u0105 kompletne i aktualne.<br \/>CTVS nie udziela \u017cadnej gwarancji, wyra\u017anej ani dorozumianej, dotycz\u0105cej ca\u0142o\u015bci lub cz\u0119\u015bci swojej strony internetowej. W \u017cadnym przypadku CTVS nie mo\u017ce by\u0107 poci\u0105gni\u0119ta do odpowiedzialno\u015bci za jakiekolwiek szkody bezpo\u015brednie lub po\u015brednie, bez wzgl\u0119du na ich charakter, wynikaj\u0105ce z korzystania z jej strony internetowej.  <br \/>Umieszczanie hiper\u0142\u0105czy prowadz\u0105cych do innych stron lub zasob\u00f3w dost\u0119pnych w sieci Internet nie mo\u017ce anga\u017cowa\u0107 odpowiedzialno\u015bci CTVS ani jej dostawcy hostingu z powodu tre\u015bci oferowanych przez wskazane strony.<br \/>CTVS zrzeka si\u0119 wszelkiej odpowiedzialno\u015bci dotycz\u0105cej tre\u015bci stron powi\u0105zanych ze stron\u0105 internetow\u0105 CTVS<br \/>CTVS zrzeka si\u0119 wszelkiej odpowiedzialno\u015bci co do trafno\u015bci dostarczanych informacji i sposobu ich wykorzystania przez internaut\u0119.<\/p>\n<p><strong>2 \u2013 Modyfikacje:<\/strong><\/p>\n<p>CTVS zastrzega sobie prawo do modyfikacji lub korekty, w ka\u017cdym czasie i bez uprzedzenia, tre\u015bci swojej strony internetowej, bez wzgl\u0119du na ich charakter.<\/p>\n<p><strong>3 \u2013 Prawa w\u0142asno\u015bci intelektualnej i przemys\u0142owej:<\/strong><\/p>\n<p>Strona internetowa CTVS i jej prawa autorskie s\u0105 chronione.<br \/>W zwi\u0105zku z tym wszelkie wykorzystanie produkt\u00f3w, w tym ca\u0142o\u015bci lub cz\u0119\u015bci strony internetowej ctvs.eu, mo\u017ce by\u0107 dokonane tylko za pisemn\u0105 zgod\u0105.<br \/>Zgodnie z zasadami prawa powszechnego, MAGIC ONLINE SA lub CTVS mog\u0105 poci\u0105gn\u0105\u0107 do odpowiedzialno\u015bci umownej swoich odwiedzaj\u0105cych lub wszcz\u0105\u0107 jakiekolwiek dzia\u0142ania w sprawie nieuczciwej konkurencji lub paso\u017cytnictwa przeciwko autorom narusze\u0144 rozwa\u017canych przepis\u00f3w.<br \/>Internauta nie mo\u017ce przekazywa\u0107 \u017cadnego z produkt\u00f3w, w tym ca\u0142o\u015bci lub cz\u0119\u015bci strony internetowej ctvs.eu, osobom trzecim, nawet je\u015bli s\u0105 one prawnie odr\u0119bne, za op\u0142at\u0105 lub bezp\u0142atnie, ani bezpo\u015brednio przez przekazanie oryginalnych danych, ani po\u015brednio w formie po\u0142\u0105czonej tych danych.<br \/>Internauta nie mo\u017ce modyfikowa\u0107, reprodukowa\u0107, adaptowa\u0107 \u017cadnego produktu, w tym ca\u0142o\u015bci lub cz\u0119\u015bci strony internetowej CTVS i zawartych w nich danych (w tym zdj\u0119\u0107). Internauta nie mo\u017ce kopiowa\u0107 w jakikolwiek spos\u00f3b, pobiera\u0107, komercjalizowa\u0107, odsprzedawa\u0107, dystrybuowa\u0107, retransmitowa\u0107, publikowa\u0107, realizowa\u0107 automatycznego pobierania, w jakiejkolwiek formie, jakichkolwiek danych dost\u0119pnych lub hostowanych na stronie ctvs.eu. <br \/>Bezprawne przyw\u0142aszczenie praw do rozpowszechniania b\u0119dzie karane przepisami regulacyjnymi i ustawowymi dotycz\u0105cymi prawa autorskiego i praw producent\u00f3w przewidzianymi przez kodeks w\u0142asno\u015bci intelektualnej.<\/p>\n<p><strong>4 \u2013 Podrabianie:<\/strong><\/p>\n<p>Wszelkie reprodukcje, przedstawienia lub wykorzystanie, nawet cz\u0119\u015bciowe, jakimkolwiek sposobem, dokonane bez pisemnej zgody CTVS jest zabronione i nielegalne. Nieprzestrzeganie tego zakazu stanowi podrabianie mog\u0105ce anga\u017cowa\u0107 odpowiedzialno\u015b\u0107 cywiln\u0105 i karn\u0105 fa\u0142szerza. <\/p>\n<p><strong>5 \u2013 Ochrona danych osobowych RODO<\/strong><\/p>\n<p>W celu poprawy us\u0142ugi \u015bwiadczonej przez CTVS, prowadzenia dzia\u0142a\u0144 handlowych, informacje z formularzy s\u0105 nast\u0119pnie przetwarzane komputerowo. Te informacje s\u0105 nast\u0119pnie zarz\u0105dzane tylko przez personel firmy CTVS lub podwykonawc\u00f3w przestrzegaj\u0105cych niniejszych klauzul. <\/p>\n<p>Zgodnie z ustaw\u0105 \u201eo informatyce i wolno\u015bciach\u201d z dnia 6 stycznia 1978 r., zmienion\u0105 w 2004 r., oraz Og\u00f3lnym Rozporz\u0105dzeniem o Ochronie Danych (RODO), kt\u00f3re wesz\u0142o w \u017cycie 25 maja 2018 r., przys\u0142uguje Pa\u0144stwu prawo dost\u0119pu i sprostowania dotycz\u0105cych Pa\u0144stwa informacji, kt\u00f3re mog\u0105 Pa\u0144stwo wykona\u0107, wysy\u0142aj\u0105c do nas pismo. Mog\u0105 Pa\u0144stwo r\u00f3wnie\u017c, z uzasadnionych przyczyn, sprzeciwi\u0107 si\u0119 przetwarzaniu danych Pa\u0144stwa dotycz\u0105cych.  <strong>Nasza strona ctvs.eu oferuje formularze w celu zbierania danych odwiedzaj\u0105cego.<\/strong><\/p>\n<p>Link Opt-out:<\/p>\n<p>\u017badne pliki cookie nie rejestruj\u0105 danych osobowych (anonimowe adresy IP), ale je\u015bli masz ochot\u0119, oto link opt-out:<\/p>\n<p id=\"matomo_opted_out_intro\" style=\"display:none;\">Opt-out complete; your visits to this website will not be recorded by the Web Analytics tool. Note that if you clear your cookies, delete the opt-out cookie, or if you change computers or Web browsers, you will need to perform the opt-out procedure again.<\/p><p id=\"matomo_opted_in_intro\" >You may choose to prevent this website from aggregating and analyzing the actions you take here. Doing so will protect your privacy, but will also prevent the owner from learning from your actions and creating a better experience for you and other users.<\/p><form>\n        <input type=\"checkbox\" id=\"matomo_optout_checkbox\" checked=\"checked\"\/>\n        <label for=\"matomo_optout_checkbox\"><strong>\n        <span id=\"matomo_opted_in_label\" >You are not opted out. Uncheck this box to opt-out.<\/span>\n\t\t<span id=\"matomo_opted_out_label\" style=\"display:none;\">You are currently opted out. Check this box to opt-in.<\/span>\n        <\/strong><\/label><\/form><noscript><p><strong style=\"color: #ff0000;\">This opt out feature requires JavaScript.<\/strong><\/p><\/noscript><p id=\"matomo_outout_err_cookies\" style=\"display: none;\"><strong>The tracking opt-out feature requires cookies to be enabled.<\/strong><\/p>\n<p><strong>Dotyczy strony internetowej: <\/strong><\/p>\n<p><strong>https:\/\/ctvs.eu<\/strong><\/p>\n<p><strong>Cel<\/strong><\/p>\n<p>Zbieranie danych na naszej stronie ma na celu utworzenie pliku do zarz\u0105dzania prospektami i klientami naszej firmy. Nasz plik jest wykorzystywany do wszelkich operacji zarz\u0105dzania handlowego <\/p>\n<p><strong>Trafno\u015b\u0107 danych<\/strong><\/p>\n<p>Plik zbiera wszystkie informacje odwiedzaj\u0105cych stron\u0119 ctvs.eu dotycz\u0105ce to\u017csamo\u015bci, informacji zawodowych i ich aktywno\u015bci na stronie ctvs.eu. Zgodnie z ustaw\u0105 informatyka i wolno\u015bci, informacje dotycz\u0105ce pochodzenia rasowego lub etnicznego, pogl\u0105d\u00f3w politycznych, filozoficznych lub religijnych, przynale\u017cno\u015bci zwi\u0105zkowej, zdrowia lub \u017cycia seksualnego osoby nie s\u0105 zbierane i s\u0105 zabronione (dane wra\u017cliwe). <\/p>\n<p><strong>Legalno\u015b\u0107 przetwarzania i warunki maj\u0105ce zastosowanie do zgody (art.6 i art.7 RODO)<\/strong><\/p>\n<p>Zgoda na przetwarzanie danych osobowych odwiedzaj\u0105cego jest systematycznie uzyskiwana.<\/p>\n<p><strong>Przechowywanie danych<\/strong><\/p>\n<p>Dane zidentyfikowanych kontakt\u00f3w s\u0105 przechowywane przez maksymalny okres 3 lat po ostatniej interakcji i zgodzie kontaktu. Po up\u0142ywie tych okres\u00f3w wszystkie dane dotycz\u0105ce osoby s\u0105 automatycznie usuwane. <\/p>\n<p>Dane klient\u00f3w s\u0105 przechowywane przez maksymalny okres 6 lat po interakcji i zgodzie kontaktu. Po up\u0142ywie tych okres\u00f3w wszystkie dane dotycz\u0105ce osoby s\u0105 automatycznie usuwane. <\/p>\n<p><strong>Prawa os\u00f3b (art.15 do 20 RODO)<\/strong><\/p>\n<p>Zgodnie z artyku\u0142ami 15 do 20 RODO, ka\u017cda osoba mo\u017ce wykona\u0107 swoje prawo dost\u0119pu, sprostowania, sprzeciwu, ograniczenia przetwarzania, usuni\u0119cia i przenoszenia danych jej dotycz\u0105cych, sk\u0142adaj\u0105c wniosek listem podpisanym i do\u0142\u0105czaj\u0105c kopi\u0119 dokumentu to\u017csamo\u015bci na adres siedziby CTVS<\/p>\n<p><strong>Bezpiecze\u0144stwo danych i przetwarzania (art.32 RODO)<\/strong><\/p>\n<p>Tylko osoby zwi\u0105zane z dzia\u0142em technicznym, marketingowym i handlowym CTVS maj\u0105 dost\u0119p do informacji zebranych na stronie.<\/p>\n<p><strong>Naruszenie danych i komunikacja w ci\u0105gu 72h (art.33 i art.34 RODO)<\/strong><\/p>\n<p>W przypadku naruszenia lub podejrzenia naruszenia danych osobowych, CTVS i jej podwykonawcy powiadomi\u0105 CNIL, najp\u00f3\u017aniej w ci\u0105gu 72 godzin po uzyskaniu o tym wiedzy.<\/p>\n<p>&nbsp;<\/p>\n<p>[\/et_pb_text][\/et_pb_column][\/et_pb_row][\/et_pb_section]<\/p>\n","protected":false},"excerpt":{"rendered":"<p>CTVS producent form do prefabrykacji: Informacje prawne Informacje o wydawcy CHAUDRONNERIE TECHNIQUE VAL DE SAONE &#8211; CTVS, strona prezentuj\u0105ca nasz\u0105 dzia\u0142alno\u015b\u0107 w zakresie form do prefabrykacji betonuCHAUDRONNERIE TREVOLTIENNE TECMO,352 ALL DE FETAN 01600 TREVOUXTel. : 04 74 00 09 25 SARL o kapitale 275 000,00 \u20acRCS:VAT: FR43507566446Dyrektor publikacji: Philippe BACHELET. Tworzenie strony internetowej i pozycjonowanie: [&hellip;]<\/p>\n","protected":false},"author":2,"featured_media":0,"parent":0,"menu_order":0,"comment_status":"closed","ping_status":"closed","template":"","meta":{"_et_pb_use_builder":"on","_et_pb_old_content":"","_et_gb_content_width":"","footnotes":""},"class_list":["post-29857","page","type-page","status-publish","hentry"],"_links":{"self":[{"href":"https:\/\/ctvs.eu\/pl\/wp-json\/wp\/v2\/pages\/29857","targetHints":{"allow":["GET"]}}],"collection":[{"href":"https:\/\/ctvs.eu\/pl\/wp-json\/wp\/v2\/pages"}],"about":[{"href":"https:\/\/ctvs.eu\/pl\/wp-json\/wp\/v2\/types\/page"}],"author":[{"embeddable":true,"href":"https:\/\/ctvs.eu\/pl\/wp-json\/wp\/v2\/users\/2"}],"replies":[{"embeddable":true,"href":"https:\/\/ctvs.eu\/pl\/wp-json\/wp\/v2\/comments?post=29857"}],"version-history":[{"count":1,"href":"https:\/\/ctvs.eu\/pl\/wp-json\/wp\/v2\/pages\/29857\/revisions"}],"predecessor-version":[{"id":29858,"href":"https:\/\/ctvs.eu\/pl\/wp-json\/wp\/v2\/pages\/29857\/revisions\/29858"}],"wp:attachment":[{"href":"https:\/\/ctvs.eu\/pl\/wp-json\/wp\/v2\/media?parent=29857"}],"curies":[{"name":"wp","href":"https:\/\/api.w.org\/{rel}","templated":true}]}}